{"id":2,"date":"2022-08-03T19:47:24","date_gmt":"2022-08-03T17:47:24","guid":{"rendered":"http:\/\/web201.s276.goserver.host\/?page_id=2"},"modified":"2024-08-23T10:44:17","modified_gmt":"2024-08-23T08:44:17","slug":"2-2","status":"publish","type":"page","link":"https:\/\/rauschenberger-reitverein.de\/","title":{"rendered":""},"content":{"rendered":"\n<h3 class=\"wp-block-heading\">Der Vorstand<\/h3>\n\n\n\n<p>1. Vorsitzender: Philipp Helfenbein<br>2. Vorsitzende: Maike Morbitzer<br>1. Gesch\u00e4ftsf\u00fchrer: Hartmut Henkel<br>2. Gesch\u00e4ftsf\u00fchrerin: Alina Henkel<br>Sportwartin: Maria Grimm<br>Hallen- u. Ger\u00e4tewart: Uwe Winter<\/p>\n\n\n\n<h3 class=\"wp-block-heading\">Kontaktm\u00f6glichkeiten<\/h3>\n\n\n\n<p><a href=\"mailto:vorstand.ruf-rauschenberg@gmx.de\">vorstand.ruf-rauschenberg@gmx.de<\/a><br>Philipp Helfenbein (1. Vorsitzender): <a href=\"tel:01722114398\">0172 \/ 2114398<\/a><br>Maike Morbitzer (2. Vorsitzende): <a href=\"tel:064219713950\">06421\/ 9713950<\/a><br>Ansprechpartnerin Stall: Maria Grimm (Sportwartin): <a href=\"tel:017630113768\">0176\/ 30113768<\/a><\/p>\n","protected":false},"excerpt":{"rendered":"<p>Der Vorstand 1. Vorsitzender: Philipp Helfenbein2. Vorsitzende: Maike Morbitzer1. Gesch\u00e4ftsf\u00fchrer: Hartmut Henkel2. Gesch\u00e4ftsf\u00fchrerin: Alina HenkelSportwartin: Maria GrimmHallen- u. Ger\u00e4tewart: Uwe Winter Kontaktm\u00f6glichkeiten vorstand.ruf-rauschenberg@gmx.dePhilipp Helfenbein (1. Vorsitzender): 0172 \/ 2114398Maike Morbitzer (2. Vorsitzende): 06421\/ 9713950Ansprechpartnerin Stall: Maria Grimm (Sportwartin): 0176\/ 30113768<\/p>\n","protected":false},"author":1,"featured_media":0,"parent":0,"menu_order":0,"comment_status":"closed","ping_status":"open","template":"","meta":{"footnotes":""},"class_list":["post-2","page","type-page","status-publish","hentry"],"_links":{"self":[{"href":"https:\/\/rauschenberger-reitverein.de\/index.php?rest_route=\/wp\/v2\/pages\/2","targetHints":{"allow":["GET"]}}],"collection":[{"href":"https:\/\/rauschenberger-reitverein.de\/index.php?rest_route=\/wp\/v2\/pages"}],"about":[{"href":"https:\/\/rauschenberger-reitverein.de\/index.php?rest_route=\/wp\/v2\/types\/page"}],"author":[{"embeddable":true,"href":"https:\/\/rauschenberger-reitverein.de\/index.php?rest_route=\/wp\/v2\/users\/1"}],"replies":[{"embeddable":true,"href":"https:\/\/rauschenberger-reitverein.de\/index.php?rest_route=%2Fwp%2Fv2%2Fcomments&post=2"}],"version-history":[{"count":8,"href":"https:\/\/rauschenberger-reitverein.de\/index.php?rest_route=\/wp\/v2\/pages\/2\/revisions"}],"predecessor-version":[{"id":58,"href":"https:\/\/rauschenberger-reitverein.de\/index.php?rest_route=\/wp\/v2\/pages\/2\/revisions\/58"}],"wp:attachment":[{"href":"https:\/\/rauschenberger-reitverein.de\/index.php?rest_route=%2Fwp%2Fv2%2Fmedia&parent=2"}],"curies":[{"name":"wp","href":"https:\/\/api.w.org\/{rel}","templated":true}]}}